{"id":426,"date":"2013-09-25T21:06:32","date_gmt":"2013-09-25T19:06:32","guid":{"rendered":"http:\/\/doro-huelder.de\/?page_id=426"},"modified":"2019-01-01T22:45:08","modified_gmt":"2019-01-01T20:45:08","slug":"workshop-2","status":"publish","type":"page","link":"http:\/\/doro-huelder.de\/?page_id=426","title":{"rendered":"Workshop"},"content":{"rendered":"<h1><\/h1>\n<h1>::::Malen im Atelier::::<\/h1>\n<h4>In meinem Atelier iIm Atelierhaus der Stadt Essen, Viehofer Str. 38-52<\/h4>\n<h4>biete ich im Moment keine festen Termine an.<\/h4>\n<h5>Bei Interesse Einzeln oder in Kleingruppen zu arbeiten\u00a0 &#8211; rufen Sie mich an!<\/h5>\n<p>&nbsp;<\/p>\n<h5>F\u00fcr alle Interessierten die mein Atelier und meine Arbeitsweise noch nicht kennen, biete ich einen Vorbesuch an. Geschenkgutscheine f\u00fcr einen Workshop stelle ich gerne individuell gestaltet aus.<\/h5>\n<p>&nbsp;<\/p>\n<h5>Weitere Kurse biete ich in der ARKA-Kulturwerkstatt auf Zollverein an. Bitte schauen Sie auf den aktuellen Plan <a href=\"https:\/\/www.arka-kulturwerkstatt.de\/startseite\/\">https:\/\/www.arka-kulturwerkstatt.de\/startseite\/<\/a><\/h5>\n<p>&nbsp;<\/p>\n<h5>Weitere Fragen beantworte ich jederzeit gerne per Mail <a href=\"mailto:info@dorohuelder.de\">info@dorohuelder.de<\/a><\/h5>\n<h5>oder Mobil unter\u00a0 01738586466.<\/h5>\n<h5>Bis bald \u2013 mit herzlichen Gr\u00fc\u00dfen Doro H\u00fclder<\/h5>\n<p>&nbsp;<\/p>\n<p>&nbsp;<\/p>\n","protected":false},"excerpt":{"rendered":"<p>::::Malen im Atelier:::: In meinem Atelier iIm Atelierhaus der Stadt Essen, Viehofer Str. 38-52 biete ich im Moment keine festen Termine an. Bei Interesse Einzeln oder in Kleingruppen zu arbeiten\u00a0 &#8211; rufen Sie mich an! &nbsp; F\u00fcr alle Interessierten die &hellip; <a href=\"http:\/\/doro-huelder.de\/?page_id=426\">Weiterlesen <span class=\"meta-nav\">&rarr;<\/span><\/a><\/p>\n","protected":false},"author":2,"featured_media":0,"parent":0,"menu_order":75,"comment_status":"closed","ping_status":"closed","template":"","meta":[],"_links":{"self":[{"href":"http:\/\/doro-huelder.de\/index.php?rest_route=\/wp\/v2\/pages\/426"}],"collection":[{"href":"http:\/\/doro-huelder.de\/index.php?rest_route=\/wp\/v2\/pages"}],"about":[{"href":"http:\/\/doro-huelder.de\/index.php?rest_route=\/wp\/v2\/types\/page"}],"author":[{"embeddable":true,"href":"http:\/\/doro-huelder.de\/index.php?rest_route=\/wp\/v2\/users\/2"}],"replies":[{"embeddable":true,"href":"http:\/\/doro-huelder.de\/index.php?rest_route=%2Fwp%2Fv2%2Fcomments&post=426"}],"version-history":[{"count":12,"href":"http:\/\/doro-huelder.de\/index.php?rest_route=\/wp\/v2\/pages\/426\/revisions"}],"predecessor-version":[{"id":610,"href":"http:\/\/doro-huelder.de\/index.php?rest_route=\/wp\/v2\/pages\/426\/revisions\/610"}],"wp:attachment":[{"href":"http:\/\/doro-huelder.de\/index.php?rest_route=%2Fwp%2Fv2%2Fmedia&parent=426"}],"curies":[{"name":"wp","href":"https:\/\/api.w.org\/{rel}","templated":true}]}}