{"id":12,"date":"2013-08-08T14:18:03","date_gmt":"2013-08-08T12:18:03","guid":{"rendered":"http:\/\/doro-huelder.de\/?page_id=12"},"modified":"2025-09-12T21:08:41","modified_gmt":"2025-09-12T19:08:41","slug":"entwurf-projekt-umsetzen-eine-interaktive-kunstbaustelle","status":"publish","type":"page","link":"http:\/\/doro-huelder.de\/","title":{"rendered":"KUNSTSPUR 2025 in der Essener Nordstadt"},"content":{"rendered":"\n<p><\/p>\n\n\n\n<figure class=\"wp-block-image size-full\"><img decoding=\"async\" loading=\"lazy\" width=\"912\" height=\"468\" src=\"http:\/\/doro-huelder.de\/wp-content\/uploads\/2025\/09\/Kunstspur25.png\" alt=\"\" class=\"wp-image-690\" srcset=\"http:\/\/doro-huelder.de\/wp-content\/uploads\/2025\/09\/Kunstspur25.png 912w, http:\/\/doro-huelder.de\/wp-content\/uploads\/2025\/09\/Kunstspur25-300x154.png 300w, http:\/\/doro-huelder.de\/wp-content\/uploads\/2025\/09\/Kunstspur25-400x205.png 400w, http:\/\/doro-huelder.de\/wp-content\/uploads\/2025\/09\/Kunstspur25-768x394.png 768w, http:\/\/doro-huelder.de\/wp-content\/uploads\/2025\/09\/Kunstspur25-500x257.png 500w\" sizes=\"(max-width: 912px) 100vw, 912px\" \/><\/figure>\n\n\n\n<p>Der Kunstspur folgen, im Atelier st\u00f6bern, Altes und Neues entdecken, R\u00e4ume erkunden<br>nette Leute treffen und offene T\u00fcren finden; dazu lade ich alle interessierten Menschen<br>auf dem Weg ganz herzlich ein.<br>Das Atelierhaus durchstreifen und kleine Pausen machen am:<br><strong>Samstag, 27.09. + Sonntag, 28.09.2025 von 14.00 &#8211; 19.00 Uhr<\/strong><br>Atelierhaus der Stadt Essen \u2013 Viehofer Str. 38-52, Fu\u00dfg\u00e4ngerzone 4. Etage 45145 Essen<br>Bei uns gibt es Kunst im 1. 2. und 4. Obergescho\u00df, allein auf unserer Etage haben<br>drei Ateliers ge\u00f6ffnet, alles nachzulesen im gesamten Kunstspur Programm unter<br>kunstspur.essen.de<br>Ich freue mich auf viel Besuch und anregende Gespr\u00e4che. Auf bald.<\/p>\n\n\n\n<p>Herzliche Gr\u00fc\u00dfe<br>Doro H\u00fclder<\/p>\n\n\n\n<p>Atelierhaus der Stadt Essen, 4.Etage, Viehofer Str. 38-52, 45127 Essen (Fu\u00dfg\u00e4ngerzone \/ Diskothek<br>ESSENCE\/ M\u00f6belhaus) \u00d6PNV Rheinischer Platz oder Porscheplatz<br>Mob. 01738586466 \u2013 mail: info@dorohuelder.de <a href=\"http:\/\/dorohuelder.de\">dorohuelder.de<\/a> <a href=\"http:\/\/kunstspur.essen.de\">kunstspur.essen.de<\/a><\/p>\n\n\n\n<p><\/p>\n\n\n\n<hr class=\"wp-block-separator has-alpha-channel-opacity\"\/>\n\n\n\n<figure class=\"wp-block-embed is-type-video is-provider-youtube wp-block-embed-youtube wp-embed-aspect-16-9 wp-has-aspect-ratio\"><div class=\"wp-block-embed__wrapper\">\n<iframe loading=\"lazy\" title=\"Doro H\u00fclder\" width=\"584\" height=\"329\" src=\"https:\/\/www.youtube.com\/embed\/mzK1vHLsr2E?feature=oembed\" frameborder=\"0\" allow=\"accelerometer; autoplay; clipboard-write; encrypted-media; gyroscope; picture-in-picture; web-share\" referrerpolicy=\"strict-origin-when-cross-origin\" allowfullscreen><\/iframe>\n<\/div><\/figure>\n\n\n\n<p>Doro H\u00fclder<\/p>\n\n\n\n<p>Mobil 0173886466 &#8211; <a href=\"mailto:info@dorohuelder\">info@dorohuelder<\/a>.de<\/p>\n","protected":false},"excerpt":{"rendered":"<p>Der Kunstspur folgen, im Atelier st\u00f6bern, Altes und Neues entdecken, R\u00e4ume erkundennette Leute treffen und offene T\u00fcren finden; dazu lade ich alle interessierten Menschenauf dem Weg ganz herzlich ein.Das Atelierhaus durchstreifen und kleine Pausen machen am:Samstag, 27.09. + Sonntag, 28.09.2025 &hellip; <a href=\"http:\/\/doro-huelder.de\/\">Weiterlesen <span class=\"meta-nav\">&rarr;<\/span><\/a><\/p>\n","protected":false},"author":2,"featured_media":0,"parent":0,"menu_order":0,"comment_status":"closed","ping_status":"closed","template":"","meta":[],"_links":{"self":[{"href":"http:\/\/doro-huelder.de\/index.php?rest_route=\/wp\/v2\/pages\/12"}],"collection":[{"href":"http:\/\/doro-huelder.de\/index.php?rest_route=\/wp\/v2\/pages"}],"about":[{"href":"http:\/\/doro-huelder.de\/index.php?rest_route=\/wp\/v2\/types\/page"}],"author":[{"embeddable":true,"href":"http:\/\/doro-huelder.de\/index.php?rest_route=\/wp\/v2\/users\/2"}],"replies":[{"embeddable":true,"href":"http:\/\/doro-huelder.de\/index.php?rest_route=%2Fwp%2Fv2%2Fcomments&post=12"}],"version-history":[{"count":126,"href":"http:\/\/doro-huelder.de\/index.php?rest_route=\/wp\/v2\/pages\/12\/revisions"}],"predecessor-version":[{"id":693,"href":"http:\/\/doro-huelder.de\/index.php?rest_route=\/wp\/v2\/pages\/12\/revisions\/693"}],"wp:attachment":[{"href":"http:\/\/doro-huelder.de\/index.php?rest_route=%2Fwp%2Fv2%2Fmedia&parent=12"}],"curies":[{"name":"wp","href":"https:\/\/api.w.org\/{rel}","templated":true}]}}